{"id":91,"date":"2026-03-20T15:38:32","date_gmt":"2026-03-20T18:38:32","guid":{"rendered":"https:\/\/zero62.com\/blog\/?page_id=91"},"modified":"2026-03-20T15:47:11","modified_gmt":"2026-03-20T18:47:11","slug":"home","status":"publish","type":"page","link":"https:\/\/zero62.com\/blog\/","title":{"rendered":"Home"},"content":{"rendered":"\t\t<div data-elementor-type=\"wp-page\" data-elementor-id=\"91\" class=\"elementor elementor-91\" data-elementor-post-type=\"page\">\n\t\t\t\t<div class=\"elementor-element elementor-element-def912a e-flex e-con-boxed e-con e-parent\" data-id=\"def912a\" data-element_type=\"container\" data-e-type=\"container\" data-settings=\"{&quot;background_background&quot;:&quot;classic&quot;}\">\n\t\t\t\t\t<div class=\"e-con-inner\">\n\t\t\t\t<div class=\"elementor-element elementor-element-0a8391e elementor-widget__width-inherit elementor-widget elementor-widget-heading\" data-id=\"0a8391e\" data-element_type=\"widget\" data-e-type=\"widget\" data-widget_type=\"heading.default\">\n\t\t\t\t\t<h1 class=\"elementor-heading-title elementor-size-default\">Blog<\/h1>\t\t\t\t<\/div>\n\t\t\t\t<div class=\"elementor-element elementor-element-f8eb07d elementor-widget__width-initial elementor-widget elementor-widget-text-editor\" data-id=\"f8eb07d\" data-element_type=\"widget\" data-e-type=\"widget\" data-widget_type=\"text-editor.default\">\n\t\t\t\t\t\t\t\t\t<p>Conte\u00fados sobre automa\u00e7\u00e3o de processos, integra\u00e7\u00e3o de sistemas e software sob medida para empresas que querem crescer com efici\u00eancia e reduzir retrabalho.<\/p>\t\t\t\t\t\t\t\t<\/div>\n\t\t\t\t\t<\/div>\n\t\t\t\t<\/div>\n\t\t<div class=\"elementor-element elementor-element-4384c3e e-flex e-con-boxed e-con e-parent\" data-id=\"4384c3e\" data-element_type=\"container\" data-e-type=\"container\" data-settings=\"{&quot;background_background&quot;:&quot;classic&quot;}\">\n\t\t\t\t\t<div class=\"e-con-inner\">\n\t\t\t\t<div class=\"elementor-element elementor-element-8d95838 elementor-grid-tablet-3 elementor-posts--align-center elementor-grid-3 elementor-grid-mobile-1 elementor-posts--thumbnail-top elementor-posts__hover-gradient elementor-widget elementor-widget-posts\" data-id=\"8d95838\" data-element_type=\"widget\" data-e-type=\"widget\" data-settings=\"{&quot;cards_columns_tablet&quot;:&quot;3&quot;,&quot;cards_columns&quot;:&quot;3&quot;,&quot;cards_columns_mobile&quot;:&quot;1&quot;,&quot;cards_row_gap&quot;:{&quot;unit&quot;:&quot;px&quot;,&quot;size&quot;:35,&quot;sizes&quot;:[]},&quot;cards_row_gap_tablet&quot;:{&quot;unit&quot;:&quot;px&quot;,&quot;size&quot;:&quot;&quot;,&quot;sizes&quot;:[]},&quot;cards_row_gap_mobile&quot;:{&quot;unit&quot;:&quot;px&quot;,&quot;size&quot;:&quot;&quot;,&quot;sizes&quot;:[]}}\" data-widget_type=\"posts.cards\">\n\t\t\t\t<div class=\"elementor-widget-container\">\n\t\t\t\t\t\t\t<div class=\"elementor-posts-container elementor-posts elementor-posts--skin-cards elementor-grid\" role=\"list\">\n\t\t\t\t<article class=\"elementor-post elementor-grid-item post-48 post type-post status-publish format-standard has-post-thumbnail hentry category-automacao\" role=\"listitem\">\n\t\t\t<div class=\"elementor-post__card\">\n\t\t\t\t<a class=\"elementor-post__thumbnail__link\" href=\"https:\/\/zero62.com\/blog\/automacao-de-processos-empresa\/\" tabindex=\"-1\" ><div class=\"elementor-post__thumbnail\"><img fetchpriority=\"high\" decoding=\"async\" width=\"945\" height=\"630\" src=\"https:\/\/zero62.com\/blog\/wp-content\/uploads\/2026\/03\/como-funciona-um-projeto-de-automacao-de-processos-do-diagnostico-ao-go-live.webp\" class=\"attachment-full size-full wp-image-46\" alt=\"Como funciona um projeto de automa\u00e7\u00e3o de processos (do diagn\u00f3stico ao go-live)\" srcset=\"https:\/\/zero62.com\/blog\/wp-content\/uploads\/2026\/03\/como-funciona-um-projeto-de-automacao-de-processos-do-diagnostico-ao-go-live.webp 945w, https:\/\/zero62.com\/blog\/wp-content\/uploads\/2026\/03\/como-funciona-um-projeto-de-automacao-de-processos-do-diagnostico-ao-go-live-300x200.webp 300w, https:\/\/zero62.com\/blog\/wp-content\/uploads\/2026\/03\/como-funciona-um-projeto-de-automacao-de-processos-do-diagnostico-ao-go-live-768x512.webp 768w\" sizes=\"(max-width: 945px) 100vw, 945px\" \/><\/div><\/a>\n\t\t\t\t<div class=\"elementor-post__text\">\n\t\t\t\t<h3 class=\"elementor-post__title\">\n\t\t\t<a href=\"https:\/\/zero62.com\/blog\/automacao-de-processos-empresa\/\" >\n\t\t\t\tComo funciona um projeto de automa\u00e7\u00e3o de processos (do diagn\u00f3stico ao go-live)\t\t\t<\/a>\n\t\t<\/h3>\n\t\t\t\t<\/div>\n\t\t\t\t\t<\/div>\n\t\t<\/article>\n\t\t\t\t<article class=\"elementor-post elementor-grid-item post-45 post type-post status-publish format-standard has-post-thumbnail hentry category-gestao\" role=\"listitem\">\n\t\t\t<div class=\"elementor-post__card\">\n\t\t\t\t<a class=\"elementor-post__thumbnail__link\" href=\"https:\/\/zero62.com\/blog\/problemas-com-planilhas-na-empresa\/\" tabindex=\"-1\" ><div class=\"elementor-post__thumbnail\"><img decoding=\"async\" width=\"945\" height=\"630\" src=\"https:\/\/zero62.com\/blog\/wp-content\/uploads\/2026\/03\/5-sinais-de-que-suas-planilhas-estao-custando-caro-e-voce-nem-percebe.webp\" class=\"attachment-full size-full wp-image-44\" alt=\"5 sinais de que suas planilhas est\u00e3o custando caro (e voc\u00ea nem percebe\" srcset=\"https:\/\/zero62.com\/blog\/wp-content\/uploads\/2026\/03\/5-sinais-de-que-suas-planilhas-estao-custando-caro-e-voce-nem-percebe.webp 945w, https:\/\/zero62.com\/blog\/wp-content\/uploads\/2026\/03\/5-sinais-de-que-suas-planilhas-estao-custando-caro-e-voce-nem-percebe-300x200.webp 300w, https:\/\/zero62.com\/blog\/wp-content\/uploads\/2026\/03\/5-sinais-de-que-suas-planilhas-estao-custando-caro-e-voce-nem-percebe-768x512.webp 768w\" sizes=\"(max-width: 945px) 100vw, 945px\" \/><\/div><\/a>\n\t\t\t\t<div class=\"elementor-post__text\">\n\t\t\t\t<h3 class=\"elementor-post__title\">\n\t\t\t<a href=\"https:\/\/zero62.com\/blog\/problemas-com-planilhas-na-empresa\/\" >\n\t\t\t\t5 sinais de que suas planilhas est\u00e3o custando caro (e voc\u00ea nem percebe\t\t\t<\/a>\n\t\t<\/h3>\n\t\t\t\t<\/div>\n\t\t\t\t\t<\/div>\n\t\t<\/article>\n\t\t\t\t<article class=\"elementor-post elementor-grid-item post-42 post type-post status-publish format-standard has-post-thumbnail hentry category-integracao\" role=\"listitem\">\n\t\t\t<div class=\"elementor-post__card\">\n\t\t\t\t<a class=\"elementor-post__thumbnail__link\" href=\"https:\/\/zero62.com\/blog\/integracao-de-sistemas\/\" tabindex=\"-1\" ><div class=\"elementor-post__thumbnail\"><img decoding=\"async\" width=\"945\" height=\"630\" src=\"https:\/\/zero62.com\/blog\/wp-content\/uploads\/2026\/03\/integracao-de-sistemas-como-parar-de-copiar-e-colar-dados-na-sua-empresa.webp\" class=\"attachment-full size-full wp-image-41\" alt=\"Integra\u00e7\u00e3o de sistemas: como parar de copiar e colar dados na sua empresa\" srcset=\"https:\/\/zero62.com\/blog\/wp-content\/uploads\/2026\/03\/integracao-de-sistemas-como-parar-de-copiar-e-colar-dados-na-sua-empresa.webp 945w, https:\/\/zero62.com\/blog\/wp-content\/uploads\/2026\/03\/integracao-de-sistemas-como-parar-de-copiar-e-colar-dados-na-sua-empresa-300x200.webp 300w, https:\/\/zero62.com\/blog\/wp-content\/uploads\/2026\/03\/integracao-de-sistemas-como-parar-de-copiar-e-colar-dados-na-sua-empresa-768x512.webp 768w\" sizes=\"(max-width: 945px) 100vw, 945px\" \/><\/div><\/a>\n\t\t\t\t<div class=\"elementor-post__text\">\n\t\t\t\t<h3 class=\"elementor-post__title\">\n\t\t\t<a href=\"https:\/\/zero62.com\/blog\/integracao-de-sistemas\/\" >\n\t\t\t\tIntegra\u00e7\u00e3o de sistemas: como parar de copiar e colar dados na sua empresa\t\t\t<\/a>\n\t\t<\/h3>\n\t\t\t\t<\/div>\n\t\t\t\t\t<\/div>\n\t\t<\/article>\n\t\t\t\t<article class=\"elementor-post elementor-grid-item post-39 post type-post status-publish format-standard has-post-thumbnail hentry category-software-sob-medida\" role=\"listitem\">\n\t\t\t<div class=\"elementor-post__card\">\n\t\t\t\t<a class=\"elementor-post__thumbnail__link\" href=\"https:\/\/zero62.com\/blog\/software-sob-medida-quando-vale-a-pena\/\" tabindex=\"-1\" ><div class=\"elementor-post__thumbnail\"><img loading=\"lazy\" decoding=\"async\" width=\"945\" height=\"630\" src=\"https:\/\/zero62.com\/blog\/wp-content\/uploads\/2026\/03\/software-sob-medida-quando-vale-a-pena-e-quando-e-exagero.webp\" class=\"attachment-full size-full wp-image-37\" alt=\"Software sob medida: quando vale a pena (e quando \u00e9 exagero)\" srcset=\"https:\/\/zero62.com\/blog\/wp-content\/uploads\/2026\/03\/software-sob-medida-quando-vale-a-pena-e-quando-e-exagero.webp 945w, https:\/\/zero62.com\/blog\/wp-content\/uploads\/2026\/03\/software-sob-medida-quando-vale-a-pena-e-quando-e-exagero-300x200.webp 300w, https:\/\/zero62.com\/blog\/wp-content\/uploads\/2026\/03\/software-sob-medida-quando-vale-a-pena-e-quando-e-exagero-768x512.webp 768w\" sizes=\"(max-width: 945px) 100vw, 945px\" \/><\/div><\/a>\n\t\t\t\t<div class=\"elementor-post__text\">\n\t\t\t\t<h3 class=\"elementor-post__title\">\n\t\t\t<a href=\"https:\/\/zero62.com\/blog\/software-sob-medida-quando-vale-a-pena\/\" >\n\t\t\t\tSoftware sob medida: quando vale a pena (e quando \u00e9 exagero)\t\t\t<\/a>\n\t\t<\/h3>\n\t\t\t\t<\/div>\n\t\t\t\t\t<\/div>\n\t\t<\/article>\n\t\t\t\t<article class=\"elementor-post elementor-grid-item post-36 post type-post status-publish format-standard has-post-thumbnail hentry category-automacao\" role=\"listitem\">\n\t\t\t<div class=\"elementor-post__card\">\n\t\t\t\t<a class=\"elementor-post__thumbnail__link\" href=\"https:\/\/zero62.com\/blog\/o-que-e-automacao-de-processos\/\" tabindex=\"-1\" ><div class=\"elementor-post__thumbnail\"><img loading=\"lazy\" decoding=\"async\" width=\"945\" height=\"630\" src=\"https:\/\/zero62.com\/blog\/wp-content\/uploads\/2026\/03\/o-que-e-automacao-de-processos-e-como-saber-se-sua-empresa-precisa.webp\" class=\"attachment-full size-full wp-image-35\" alt=\"O que \u00e9 automa\u00e7\u00e3o de processos? E como saber se sua empresa precisa\" srcset=\"https:\/\/zero62.com\/blog\/wp-content\/uploads\/2026\/03\/o-que-e-automacao-de-processos-e-como-saber-se-sua-empresa-precisa.webp 945w, https:\/\/zero62.com\/blog\/wp-content\/uploads\/2026\/03\/o-que-e-automacao-de-processos-e-como-saber-se-sua-empresa-precisa-300x200.webp 300w, https:\/\/zero62.com\/blog\/wp-content\/uploads\/2026\/03\/o-que-e-automacao-de-processos-e-como-saber-se-sua-empresa-precisa-768x512.webp 768w\" sizes=\"(max-width: 945px) 100vw, 945px\" \/><\/div><\/a>\n\t\t\t\t<div class=\"elementor-post__text\">\n\t\t\t\t<h3 class=\"elementor-post__title\">\n\t\t\t<a href=\"https:\/\/zero62.com\/blog\/o-que-e-automacao-de-processos\/\" >\n\t\t\t\tO que \u00e9 automa\u00e7\u00e3o de processos? E como saber se sua empresa precisa\t\t\t<\/a>\n\t\t<\/h3>\n\t\t\t\t<\/div>\n\t\t\t\t\t<\/div>\n\t\t<\/article>\n\t\t\t\t<\/div>\n\t\t\n\t\t\t\t\t\t<\/div>\n\t\t\t\t<\/div>\n\t\t\t\t\t<\/div>\n\t\t\t\t<\/div>\n\t\t\t\t<\/div>\n\t\t","protected":false},"excerpt":{"rendered":"<p>Blog Conte\u00fados sobre automa\u00e7\u00e3o de processos, integra\u00e7\u00e3o de sistemas e software sob medida para empresas que querem crescer com efici\u00eancia e reduzir retrabalho.<\/p>\n","protected":false},"author":1,"featured_media":0,"parent":0,"menu_order":0,"comment_status":"closed","ping_status":"closed","template":"elementor_header_footer","meta":{"footnotes":""},"class_list":["post-91","page","type-page","status-publish","hentry"],"_links":{"self":[{"href":"https:\/\/zero62.com\/blog\/wp-json\/wp\/v2\/pages\/91","targetHints":{"allow":["GET"]}}],"collection":[{"href":"https:\/\/zero62.com\/blog\/wp-json\/wp\/v2\/pages"}],"about":[{"href":"https:\/\/zero62.com\/blog\/wp-json\/wp\/v2\/types\/page"}],"author":[{"embeddable":true,"href":"https:\/\/zero62.com\/blog\/wp-json\/wp\/v2\/users\/1"}],"replies":[{"embeddable":true,"href":"https:\/\/zero62.com\/blog\/wp-json\/wp\/v2\/comments?post=91"}],"version-history":[{"count":10,"href":"https:\/\/zero62.com\/blog\/wp-json\/wp\/v2\/pages\/91\/revisions"}],"predecessor-version":[{"id":104,"href":"https:\/\/zero62.com\/blog\/wp-json\/wp\/v2\/pages\/91\/revisions\/104"}],"wp:attachment":[{"href":"https:\/\/zero62.com\/blog\/wp-json\/wp\/v2\/media?parent=91"}],"curies":[{"name":"wp","href":"https:\/\/api.w.org\/{rel}","templated":true}]}}